{"id":881,"date":"2021-09-23T13:07:23","date_gmt":"2021-09-23T11:07:23","guid":{"rendered":"http:\/\/clinica-urologica.eu\/?page_id=881"},"modified":"2021-09-24T12:55:01","modified_gmt":"2021-09-24T10:55:01","slug":"notre-cabinet","status":"publish","type":"page","link":"http:\/\/clinica-urologica.eu\/fr\/notre-cabinet\/","title":{"rendered":"Notre cabinet"},"content":{"rendered":"[vc_row][vc_column][vc_single_image image=\u00a0\u00bb402&Prime; img_size=\u00a0\u00bbfull\u00a0\u00bb alignment=\u00a0\u00bbcenter\u00a0\u00bb style=\u00a0\u00bbvc_box_shadow\u00a0\u00bb][\/vc_column][\/vc_row][vc_row][vc_column][vc_column_text]Nous disposons d\u2019installations tr\u00e9s spacieuses, avec beaucoup de lumi\u00e8re et \u00e9quip\u00e9es pour la chirurgie ambulatoire.<\/p>\n<p>Nous sommes install\u00e9s en plein centre de Marbella. Un parking est \u00e0 votre disposition dans le m\u00eame immeuble ainsi qu\u2019un ascenseur.[\/vc_column_text][\/vc_column][\/vc_row][vc_row][vc_column][vc_gallery type=\u00a0\u00bbimage_grid\u00a0\u00bb images=\u00a0\u00bb401,400,402,399&Prime; img_size=\u00a0\u00bb170&#215;170&Prime;][\/vc_column][\/vc_row]\n","protected":false},"excerpt":{"rendered":"<p>[vc_row][vc_column][vc_single_image image=\u00a0\u00bb402&Prime; img_size=\u00a0\u00bbfull\u00a0\u00bb alignment=\u00a0\u00bbcenter\u00a0\u00bb style=\u00a0\u00bbvc_box_shadow\u00a0\u00bb][\/vc_column][\/vc_row][vc_row][vc_column][vc_column_text]Nous disposons d\u2019installations tr\u00e9s spacieuses, avec beaucoup de lumi\u00e8re et \u00e9quip\u00e9es pour la chirurgie ambulatoire. Nous sommes install\u00e9s en plein centre de Marbella. Un parking est \u00e0 votre disposition dans le m\u00eame immeuble ainsi qu\u2019un ascenseur.[\/vc_column_text][\/vc_column][\/vc_row][vc_row][vc_column][vc_gallery type=\u00a0\u00bbimage_grid\u00a0\u00bb images=\u00a0\u00bb401,400,402,399&Prime; img_size=\u00a0\u00bb170&#215;170&Prime;][\/vc_column][\/vc_row]<\/p>\n","protected":false},"author":1,"featured_media":0,"parent":0,"menu_order":0,"comment_status":"closed","ping_status":"closed","template":"","meta":{"footnotes":""},"class_list":["post-881","page","type-page","status-publish","hentry"],"_links":{"self":[{"href":"http:\/\/clinica-urologica.eu\/fr\/wp-json\/wp\/v2\/pages\/881","targetHints":{"allow":["GET"]}}],"collection":[{"href":"http:\/\/clinica-urologica.eu\/fr\/wp-json\/wp\/v2\/pages"}],"about":[{"href":"http:\/\/clinica-urologica.eu\/fr\/wp-json\/wp\/v2\/types\/page"}],"author":[{"embeddable":true,"href":"http:\/\/clinica-urologica.eu\/fr\/wp-json\/wp\/v2\/users\/1"}],"replies":[{"embeddable":true,"href":"http:\/\/clinica-urologica.eu\/fr\/wp-json\/wp\/v2\/comments?post=881"}],"version-history":[{"count":1,"href":"http:\/\/clinica-urologica.eu\/fr\/wp-json\/wp\/v2\/pages\/881\/revisions"}],"predecessor-version":[{"id":882,"href":"http:\/\/clinica-urologica.eu\/fr\/wp-json\/wp\/v2\/pages\/881\/revisions\/882"}],"wp:attachment":[{"href":"http:\/\/clinica-urologica.eu\/fr\/wp-json\/wp\/v2\/media?parent=881"}],"curies":[{"name":"wp","href":"https:\/\/api.w.org\/{rel}","templated":true}]}}