{"id":879,"date":"2021-09-23T13:05:09","date_gmt":"2021-09-23T11:05:09","guid":{"rendered":"http:\/\/clinica-urologica.eu\/?page_id=879"},"modified":"2021-09-24T12:57:24","modified_gmt":"2021-09-24T10:57:24","slug":"equipe","status":"publish","type":"page","link":"http:\/\/clinica-urologica.eu\/fr\/equipe\/","title":{"rendered":"\u00c9quipe"},"content":{"rendered":"[vc_row][vc_column][vc_custom_heading text=\u00a0\u00bbDr. Wolfgang Kleimeier\u00a0\u00bb font_container=\u00a0\u00bbtag:h2|text_align:center|color:%2351b8f2&Prime; use_theme_fonts=\u00a0\u00bbyes\u00a0\u00bb][vc_empty_space height=\u00a0\u00bb20px\u00a0\u00bb][\/vc_column][\/vc_row][vc_row][vc_column width=\u00a0\u00bb1\/2&Prime;][vc_column_text]\n<ul>\n<li>Diplom\u00e9 par l\u2019Universit\u00e9 de M\u00fcnster (Allemagne) en m\u00e9decine et chirurgie.<\/li>\n<li>Sp\u00e9cialiste en Urologie \u2013 Formation en Allemagne.<\/li>\n<li>Membre de la Soci\u00e9t\u00e9 Allemande d\u2019Urologie.<\/li>\n<li>J\u2019ai travaill\u00e9 aussi dans des cliniques priv\u00e9es aussi bien en France qu\u2019aux \u00c9tats Unis.<\/li>\n<li>Sp\u00e9cialiste en psychoth\u00e9rapie, diplom\u00e9 par l\u2019Universit\u00e9 de M\u00fcnster (Allemagne).<\/li>\n<li>M\u00e9decin collaborateur du \u201cCollege Clinic\u201d de Gibraltar depuis 1998.<\/li>\n<li>Participation active dans plusieurs \u00e9tudes cliniques scientifiques internationales <a href=\"http:\/\/www.euronet-cttf.de\">www.euronet-cttf.de<\/a><\/li>\n<\/ul>\n[\/vc_column_text][\/vc_column][vc_column width=\u00a0\u00bb1\/2&Prime;][vc_single_image image=\u00a0\u00bb400&Prime; img_size=\u00a0\u00bbfull\u00a0\u00bb][\/vc_column][\/vc_row][vc_row][vc_column][vc_column_text]Bonnes connaissances des langues suivantes: anglais, allemand, espagnol et fran\u00e7ais.<\/p>\n<p>Connaissances du russe et de l\u2019italien.[\/vc_column_text][vc_zigzag][\/vc_column][\/vc_row][vc_row][vc_column][vc_empty_space height=\u00a0\u00bb20px\u00a0\u00bb][vc_custom_heading text=\u00a0\u00bbChristine Hattenkofer\u00a0\u00bb font_container=\u00a0\u00bbtag:h2|text_align:center|color:%2351b8f2&Prime; use_theme_fonts=\u00a0\u00bbyes\u00a0\u00bb][vc_empty_space height=\u00a0\u00bb20px\u00a0\u00bb][\/vc_column][\/vc_row][vc_row][vc_column width=\u00a0\u00bb1\/2&Prime;][vc_single_image image=\u00a0\u00bb425&Prime; img_size=\u00a0\u00bbfull\u00a0\u00bb][\/vc_column][vc_column width=\u00a0\u00bb1\/2&Prime;][vc_column_text]Adjointe dans notre Clinique d\u2019Urologie de Marbella depuis l\u2019ann\u00e9e 1999.<\/p>\n<p>Bonnes connaissances des langues suivantes: espagnol, anglais et allemand.<br \/>\nConnaissances de fran\u00e7ais.[\/vc_column_text][\/vc_column][\/vc_row]\n","protected":false},"excerpt":{"rendered":"<p>[vc_row][vc_column][vc_custom_heading text=\u00a0\u00bbDr. Wolfgang Kleimeier\u00a0\u00bb font_container=\u00a0\u00bbtag:h2|text_align:center|color:%2351b8f2&Prime; use_theme_fonts=\u00a0\u00bbyes\u00a0\u00bb][vc_empty_space height=\u00a0\u00bb20px\u00a0\u00bb][\/vc_column][\/vc_row][vc_row][vc_column width=\u00a0\u00bb1\/2&Prime;][vc_column_text] Diplom\u00e9 par l\u2019Universit\u00e9 de M\u00fcnster (Allemagne) en m\u00e9decine et chirurgie. Sp\u00e9cialiste en Urologie \u2013 Formation en Allemagne. Membre de la Soci\u00e9t\u00e9 Allemande d\u2019Urologie. J\u2019ai travaill\u00e9 aussi dans des cliniques priv\u00e9es aussi bien en France qu\u2019aux \u00c9tats Unis. Sp\u00e9cialiste en psychoth\u00e9rapie, diplom\u00e9 par l\u2019Universit\u00e9 de M\u00fcnster (Allemagne). M\u00e9decin [&hellip;]<\/p>\n","protected":false},"author":1,"featured_media":0,"parent":0,"menu_order":0,"comment_status":"closed","ping_status":"closed","template":"","meta":{"footnotes":""},"class_list":["post-879","page","type-page","status-publish","hentry"],"_links":{"self":[{"href":"http:\/\/clinica-urologica.eu\/fr\/wp-json\/wp\/v2\/pages\/879","targetHints":{"allow":["GET"]}}],"collection":[{"href":"http:\/\/clinica-urologica.eu\/fr\/wp-json\/wp\/v2\/pages"}],"about":[{"href":"http:\/\/clinica-urologica.eu\/fr\/wp-json\/wp\/v2\/types\/page"}],"author":[{"embeddable":true,"href":"http:\/\/clinica-urologica.eu\/fr\/wp-json\/wp\/v2\/users\/1"}],"replies":[{"embeddable":true,"href":"http:\/\/clinica-urologica.eu\/fr\/wp-json\/wp\/v2\/comments?post=879"}],"version-history":[{"count":1,"href":"http:\/\/clinica-urologica.eu\/fr\/wp-json\/wp\/v2\/pages\/879\/revisions"}],"predecessor-version":[{"id":880,"href":"http:\/\/clinica-urologica.eu\/fr\/wp-json\/wp\/v2\/pages\/879\/revisions\/880"}],"wp:attachment":[{"href":"http:\/\/clinica-urologica.eu\/fr\/wp-json\/wp\/v2\/media?parent=879"}],"curies":[{"name":"wp","href":"https:\/\/api.w.org\/{rel}","templated":true}]}}