{"id":867,"date":"2021-09-23T11:38:40","date_gmt":"2021-09-23T09:38:40","guid":{"rendered":"http:\/\/clinica-urologica.eu\/?page_id=867"},"modified":"2021-09-24T13:03:08","modified_gmt":"2021-09-24T11:03:08","slug":"accueil","status":"publish","type":"page","link":"http:\/\/clinica-urologica.eu\/fr\/","title":{"rendered":"Accueil"},"content":{"rendered":"<p>Bienvenue Sur mon site professionnel.<\/p>\n<p>Urologue de formation, je suis \u00e9tabli \u00e0 Marbella depuis 1997. C&rsquo;est dans une atmosph\u00e8re d\u00e9tendue que je prendrai le temps de vous \u00e9couter et de comprendre votre demande : je m&rsquo;efforce de r\u00e9aliser une prise en charge globale de votre personne qui ne se r\u00e9sume pas au seul traitement des sympt\u00f4mes pour lesquels vous consultez.<\/p>\n<p>Les explications que je vous donnerai sur votre maladie le seront dans un langage simple et le plus compr\u00e9hensible possible , afin, qu&rsquo;en connaissance de cause, vous puissiez adh\u00e9rer au traitement le plus appropri\u00e9 et efficace pour vous.<\/p>\n<p>Dans le cas d&rsquo;un diagnostic potentiellement grave, je m&rsquo;engage \u00e0 vous accompagner tout au long de votre traitement : assistance aux d\u00e9marches permettant de choisir le meilleur \u00e9tablissement hospitalier public ou priv\u00e9, conseils dans le choix du traitement le plus adapt\u00e9 \u00e0 votre pathologie, dans le pays de votre choix, ou en Espagne si vous le pr\u00e9f\u00e9rez, en \u00e9troite collaboration avec moi-m\u00eame.<\/p>\n<p>On me demande souvent si l&rsquo;urologue est un m\u00e9decin pour hommes. R\u00e9ponse: un 30% de mes patients sont des femmes et des enfants. Le nombre de maladies que je traite vous donneront un bon aper\u00e7u du vaste champs de l&rsquo;urologie.<\/p>\n<p>Ma sp\u00e9cialisation et ma longue experience perm\u00e8ttent un diagnostic et une th\u00e9rapie dans ma propre clinique ce qui vous \u00e9vitera une perte de temps et vous fournira une meilleure information. <\/p>\n","protected":false},"excerpt":{"rendered":"<p>Bienvenue Sur mon site professionnel. Urologue de formation, je suis \u00e9tabli \u00e0 Marbella depuis 1997. C&rsquo;est dans une atmosph\u00e8re d\u00e9tendue que je prendrai le temps de vous \u00e9couter et de comprendre votre demande : je m&rsquo;efforce de r\u00e9aliser une prise en charge globale de votre personne qui ne se r\u00e9sume pas au seul traitement des [&hellip;]<\/p>\n","protected":false},"author":1,"featured_media":0,"parent":0,"menu_order":0,"comment_status":"open","ping_status":"open","template":"template-homepage.php","meta":{"footnotes":""},"class_list":["post-867","page","type-page","status-publish","hentry"],"_links":{"self":[{"href":"http:\/\/clinica-urologica.eu\/fr\/wp-json\/wp\/v2\/pages\/867","targetHints":{"allow":["GET"]}}],"collection":[{"href":"http:\/\/clinica-urologica.eu\/fr\/wp-json\/wp\/v2\/pages"}],"about":[{"href":"http:\/\/clinica-urologica.eu\/fr\/wp-json\/wp\/v2\/types\/page"}],"author":[{"embeddable":true,"href":"http:\/\/clinica-urologica.eu\/fr\/wp-json\/wp\/v2\/users\/1"}],"replies":[{"embeddable":true,"href":"http:\/\/clinica-urologica.eu\/fr\/wp-json\/wp\/v2\/comments?post=867"}],"version-history":[{"count":1,"href":"http:\/\/clinica-urologica.eu\/fr\/wp-json\/wp\/v2\/pages\/867\/revisions"}],"predecessor-version":[{"id":868,"href":"http:\/\/clinica-urologica.eu\/fr\/wp-json\/wp\/v2\/pages\/867\/revisions\/868"}],"wp:attachment":[{"href":"http:\/\/clinica-urologica.eu\/fr\/wp-json\/wp\/v2\/media?parent=867"}],"curies":[{"name":"wp","href":"https:\/\/api.w.org\/{rel}","templated":true}]}}