{"id":812,"date":"2021-09-22T17:55:18","date_gmt":"2021-09-22T15:55:18","guid":{"rendered":"http:\/\/clinica-urologica.eu\/?page_id=812"},"modified":"2026-02-25T18:16:28","modified_gmt":"2026-02-25T17:16:28","slug":"einen-termin-verabreden","status":"publish","type":"page","link":"http:\/\/clinica-urologica.eu\/de\/einen-termin-verabreden\/","title":{"rendered":"Einen Termin verabreden"},"content":{"rendered":"<div class=\"contacts\">\n<p>Avenida Ricardo Soriano, 36<br \/>\nEdificio Maria III<br \/>\nOficina 105<br \/>\n29601 Marbella &#8211; M\u00e1laga<\/p>\n<ul>\n<li>\n<p>\n\t\t\t\t\t\t<span>Tel\u00e9fono <\/span><br \/>\n\t\t\t\t\t\t<span><a href=\"tel:+34 952 863 642\">+34 952 863 642<\/a><\/span>\n\t\t\t\t\t<\/p>\n<\/li>\n<li>\n<p>\n\t\t\t\t\t\t<span>M\u00f3vil: <\/span><br \/>\n\t\t\t\t\t\t<span><a href=\"tel:+34 670 620 544\">+34 670 620 544<\/a><\/span>\n\t\t\t\t\t<\/p>\n<\/li>\n<li>\n<p>\n\t\t\t\t\t\t<span>Email: <\/span><br \/>\n\t\t\t\t\t\t<span><a href=\"mailto:info@clinica-urologica.eu\">info@clinica-urologica.eu<\/a><\/span>\n\t\t\t\t\t<\/p>\n<\/li>\n<\/ul><\/div>\n","protected":false},"excerpt":{"rendered":"<p>Avenida Ricardo Soriano, 36 Edificio Maria III Oficina 105 29601 Marbella &#8211; M\u00e1laga Tel\u00e9fono +34 952 863 642 M\u00f3vil: +34 670 620 544 Email: info@clinica-urologica.eu<\/p>\n","protected":false},"author":1,"featured_media":0,"parent":0,"menu_order":0,"comment_status":"open","ping_status":"open","template":"template-contact.php","meta":{"footnotes":""},"class_list":["post-812","page","type-page","status-publish","hentry"],"_links":{"self":[{"href":"http:\/\/clinica-urologica.eu\/de\/wp-json\/wp\/v2\/pages\/812","targetHints":{"allow":["GET"]}}],"collection":[{"href":"http:\/\/clinica-urologica.eu\/de\/wp-json\/wp\/v2\/pages"}],"about":[{"href":"http:\/\/clinica-urologica.eu\/de\/wp-json\/wp\/v2\/types\/page"}],"author":[{"embeddable":true,"href":"http:\/\/clinica-urologica.eu\/de\/wp-json\/wp\/v2\/users\/1"}],"replies":[{"embeddable":true,"href":"http:\/\/clinica-urologica.eu\/de\/wp-json\/wp\/v2\/comments?post=812"}],"version-history":[{"count":4,"href":"http:\/\/clinica-urologica.eu\/de\/wp-json\/wp\/v2\/pages\/812\/revisions"}],"predecessor-version":[{"id":1036,"href":"http:\/\/clinica-urologica.eu\/de\/wp-json\/wp\/v2\/pages\/812\/revisions\/1036"}],"wp:attachment":[{"href":"http:\/\/clinica-urologica.eu\/de\/wp-json\/wp\/v2\/media?parent=812"}],"curies":[{"name":"wp","href":"https:\/\/api.w.org\/{rel}","templated":true}]}}