{"id":773,"date":"2021-09-22T15:38:54","date_gmt":"2021-09-22T13:38:54","guid":{"rendered":"http:\/\/clinica-urologica.eu\/?page_id=773"},"modified":"2021-09-24T13:30:06","modified_gmt":"2021-09-24T11:30:06","slug":"unsere-praxis","status":"publish","type":"page","link":"http:\/\/clinica-urologica.eu\/de\/unsere-praxis\/","title":{"rendered":"Unsere Praxis"},"content":{"rendered":"[vc_row][vc_column][vc_single_image image=&#8220;402&#8243; img_size=&#8220;full&#8220; alignment=&#8220;center&#8220; style=&#8220;vc_box_shadow&#8220;][\/vc_column][\/vc_row][vc_row][vc_column][vc_column_text]Helle, freundliche R\u00e4umlichkeiten mit Ausstattung f\u00fcr ambulante Operationen. In entspannter Atmosph\u00e4re nehmen wir uns Zeit f\u00fcr Sie.<\/p>\n<p>Wir befinden uns in zentraler Lage im Herzen von Marbella. Im Haus ist ein Fahrstuhl vorhanden. Parkm\u00f6glichkeiten befinden sich in unserer Tiefgarage.[\/vc_column_text][\/vc_column][\/vc_row][vc_row][vc_column][vc_gallery type=&#8220;image_grid&#8220; images=&#8220;401,400,402,399&#8243; img_size=&#8220;170&#215;170&#8243;][\/vc_column][\/vc_row]\n","protected":false},"excerpt":{"rendered":"<p>[vc_row][vc_column][vc_single_image image=&#8220;402&#8243; img_size=&#8220;full&#8220; alignment=&#8220;center&#8220; style=&#8220;vc_box_shadow&#8220;][\/vc_column][\/vc_row][vc_row][vc_column][vc_column_text]Helle, freundliche R\u00e4umlichkeiten mit Ausstattung f\u00fcr ambulante Operationen. In entspannter Atmosph\u00e4re nehmen wir uns Zeit f\u00fcr Sie. Wir befinden uns in zentraler Lage im Herzen von Marbella. Im Haus ist ein Fahrstuhl vorhanden. Parkm\u00f6glichkeiten befinden sich in unserer Tiefgarage.[\/vc_column_text][\/vc_column][\/vc_row][vc_row][vc_column][vc_gallery type=&#8220;image_grid&#8220; images=&#8220;401,400,402,399&#8243; img_size=&#8220;170&#215;170&#8243;][\/vc_column][\/vc_row]<\/p>\n","protected":false},"author":1,"featured_media":0,"parent":0,"menu_order":0,"comment_status":"closed","ping_status":"closed","template":"","meta":{"footnotes":""},"class_list":["post-773","page","type-page","status-publish","hentry"],"_links":{"self":[{"href":"http:\/\/clinica-urologica.eu\/de\/wp-json\/wp\/v2\/pages\/773","targetHints":{"allow":["GET"]}}],"collection":[{"href":"http:\/\/clinica-urologica.eu\/de\/wp-json\/wp\/v2\/pages"}],"about":[{"href":"http:\/\/clinica-urologica.eu\/de\/wp-json\/wp\/v2\/types\/page"}],"author":[{"embeddable":true,"href":"http:\/\/clinica-urologica.eu\/de\/wp-json\/wp\/v2\/users\/1"}],"replies":[{"embeddable":true,"href":"http:\/\/clinica-urologica.eu\/de\/wp-json\/wp\/v2\/comments?post=773"}],"version-history":[{"count":1,"href":"http:\/\/clinica-urologica.eu\/de\/wp-json\/wp\/v2\/pages\/773\/revisions"}],"predecessor-version":[{"id":774,"href":"http:\/\/clinica-urologica.eu\/de\/wp-json\/wp\/v2\/pages\/773\/revisions\/774"}],"wp:attachment":[{"href":"http:\/\/clinica-urologica.eu\/de\/wp-json\/wp\/v2\/media?parent=773"}],"curies":[{"name":"wp","href":"https:\/\/api.w.org\/{rel}","templated":true}]}}