{"id":768,"date":"2021-09-22T15:31:34","date_gmt":"2021-09-22T13:31:34","guid":{"rendered":"http:\/\/clinica-urologica.eu\/?page_id=768"},"modified":"2021-09-24T13:29:28","modified_gmt":"2021-09-24T11:29:28","slug":"das-team","status":"publish","type":"page","link":"http:\/\/clinica-urologica.eu\/de\/das-team\/","title":{"rendered":"Das Team"},"content":{"rendered":"[vc_row][vc_column][vc_custom_heading text=&#8220;Dr. Wolfgang Kleimeier&#8220; font_container=&#8220;tag:h2|text_align:center|color:%2351b8f2&#8243; use_theme_fonts=&#8220;yes&#8220;][vc_empty_space height=&#8220;20px&#8220;][\/vc_column][\/vc_row][vc_row][vc_column width=&#8220;1\/2&#8243;][vc_column_text]\n<ul>\n<li>Facharzt f\u00fcr Urologie, deutsche Zusatzbezeichnung Psychotherapie (berufsbegleitend \u00fcber 5 Jahre)<\/li>\n<li>Studium und Facharztausbildung in Deutschland.<\/li>\n<li>Wissenschaftliche T\u00e4tigkeit im Rahmen diverser klinischer Studien <a href=\"https:\/\/www.euronet-cttf.de\/\">www.euronet-cttf.de<\/a><\/li>\n<li>Auslandsaufenthalte in amerikanischen und franz\u00f6sischen Kliniken. Regelm\u00e4\u00dfige Sprechstunden in der College Clinic, Gibraltar als urologischer Consultant seit 1998.<\/li>\n<\/ul>\n[\/vc_column_text][\/vc_column][vc_column width=&#8220;1\/2&#8243;][vc_single_image image=&#8220;400&#8243; img_size=&#8220;full&#8220;][\/vc_column][\/vc_row][vc_row][vc_column][vc_column_text]Sprachen: deutsch, spanisch, englisch, franz\u00f6sisch.<br \/>\nGrundkenntnisse: italienisch, russisch.<\/p>\n[\/vc_column_text][vc_zigzag][\/vc_column][\/vc_row][vc_row][vc_column][vc_empty_space height=&#8220;20px&#8220;][vc_custom_heading text=&#8220;Christine Hattenkofer&#8220; font_container=&#8220;tag:h2|text_align:center|color:%2351b8f2&#8243; use_theme_fonts=&#8220;yes&#8220;][vc_empty_space height=&#8220;20px&#8220;][\/vc_column][\/vc_row][vc_row][vc_column width=&#8220;1\/2&#8243;][vc_single_image image=&#8220;425&#8243; img_size=&#8220;full&#8220;][\/vc_column][vc_column width=&#8220;1\/2&#8243;][vc_column_text]Ihr erster Ansprechpartner in der Clinica Urologica de Marbella seit 1999.<\/p>\n<p>Sprachen: deutsch, spanisch, englisch.<br \/>\nGrundkenntnisse: franz\u00f6sisch.[\/vc_column_text][\/vc_column][\/vc_row]\n","protected":false},"excerpt":{"rendered":"<p>[vc_row][vc_column][vc_custom_heading text=&#8220;Dr. Wolfgang Kleimeier&#8220; font_container=&#8220;tag:h2|text_align:center|color:%2351b8f2&#8243; use_theme_fonts=&#8220;yes&#8220;][vc_empty_space height=&#8220;20px&#8220;][\/vc_column][\/vc_row][vc_row][vc_column width=&#8220;1\/2&#8243;][vc_column_text] Facharzt f\u00fcr Urologie, deutsche Zusatzbezeichnung Psychotherapie (berufsbegleitend \u00fcber 5 Jahre) Studium und Facharztausbildung in Deutschland. Wissenschaftliche T\u00e4tigkeit im Rahmen diverser klinischer Studien www.euronet-cttf.de Auslandsaufenthalte in amerikanischen und franz\u00f6sischen Kliniken. Regelm\u00e4\u00dfige Sprechstunden in der College Clinic, Gibraltar als urologischer Consultant seit 1998. [\/vc_column_text][\/vc_column][vc_column width=&#8220;1\/2&#8243;][vc_single_image image=&#8220;400&#8243; img_size=&#8220;full&#8220;][\/vc_column][\/vc_row][vc_row][vc_column][vc_column_text]Sprachen: deutsch, spanisch, [&hellip;]<\/p>\n","protected":false},"author":1,"featured_media":0,"parent":0,"menu_order":0,"comment_status":"closed","ping_status":"closed","template":"","meta":{"footnotes":""},"class_list":["post-768","page","type-page","status-publish","hentry"],"_links":{"self":[{"href":"http:\/\/clinica-urologica.eu\/de\/wp-json\/wp\/v2\/pages\/768","targetHints":{"allow":["GET"]}}],"collection":[{"href":"http:\/\/clinica-urologica.eu\/de\/wp-json\/wp\/v2\/pages"}],"about":[{"href":"http:\/\/clinica-urologica.eu\/de\/wp-json\/wp\/v2\/types\/page"}],"author":[{"embeddable":true,"href":"http:\/\/clinica-urologica.eu\/de\/wp-json\/wp\/v2\/users\/1"}],"replies":[{"embeddable":true,"href":"http:\/\/clinica-urologica.eu\/de\/wp-json\/wp\/v2\/comments?post=768"}],"version-history":[{"count":4,"href":"http:\/\/clinica-urologica.eu\/de\/wp-json\/wp\/v2\/pages\/768\/revisions"}],"predecessor-version":[{"id":772,"href":"http:\/\/clinica-urologica.eu\/de\/wp-json\/wp\/v2\/pages\/768\/revisions\/772"}],"wp:attachment":[{"href":"http:\/\/clinica-urologica.eu\/de\/wp-json\/wp\/v2\/media?parent=768"}],"curies":[{"name":"wp","href":"https:\/\/api.w.org\/{rel}","templated":true}]}}