{"id":748,"date":"2021-09-22T11:52:17","date_gmt":"2021-09-22T09:52:17","guid":{"rendered":"http:\/\/clinica-urologica.eu\/?page_id=748"},"modified":"2021-09-24T13:23:04","modified_gmt":"2021-09-24T11:23:04","slug":"home","status":"publish","type":"page","link":"http:\/\/clinica-urologica.eu\/de\/","title":{"rendered":"Home"},"content":{"rendered":"<p>Willkommen in meiner urologischen Praxis, die ich seit 1997 in Marbella f\u00fchre.<\/p>\n<p>In entspannter Athmosph\u00e4re nehme ich mir Zeit f\u00fcr Ihre Probleme, dabei geht es nicht nur um die Behandlung eines einzelnen Symptoms sondern um einen ganzheitlichen Therapieansatz.<\/p>\n<p>Ich versuche, ein Krankheitsbild verst\u00e4ndlich f\u00fcr Sie zu beschreiben, das Therapieziel ist so sicherer erreichbar.<\/p>\n<p>Bei einer eventuellen Diagnose einer b\u00f6sartigen Erkrankung werden Sie nicht allein gelassen \u2013 wir stellen die Weichen f\u00fcr eine Diagnostik und Therapie im Land Ihrer Wahl. Enge Kooperation auch vor Ort in Spanien m\u00f6glich.<\/p>\n<p>Operative Eingriffe werden bevorzugt in Lokalbet\u00e4ubung durchgef\u00fchrt.<\/p>\n<p>Oftmals werde ich gefragt, ob der Urologe nur ein M\u00e4nnerarzt ist, obwohl ca. 30 % meiner Patienten Frauen oder Kinder sind. <\/p>\n<p>Wenn Sie sich die Erkrankungen ansehen, die von mir behandelt werden, zeigt sich das Spektrum der Urologie. <\/p>\n<p>Dieses \u00fcberschaubare Fachgebiet macht es weitgehend m\u00f6glich, Diagnostik und Therapie in einer Hand zu belassen. So k\u00f6nnen Sie Zeit-und Informationsverluste vermeiden. <\/p>\n","protected":false},"excerpt":{"rendered":"<p>Willkommen in meiner urologischen Praxis, die ich seit 1997 in Marbella f\u00fchre. In entspannter Athmosph\u00e4re nehme ich mir Zeit f\u00fcr Ihre Probleme, dabei geht es nicht nur um die Behandlung eines einzelnen Symptoms sondern um einen ganzheitlichen Therapieansatz. Ich versuche, ein Krankheitsbild verst\u00e4ndlich f\u00fcr Sie zu beschreiben, das Therapieziel ist so sicherer erreichbar. Bei einer [&hellip;]<\/p>\n","protected":false},"author":1,"featured_media":0,"parent":0,"menu_order":0,"comment_status":"open","ping_status":"open","template":"template-homepage.php","meta":{"footnotes":""},"class_list":["post-748","page","type-page","status-publish","hentry"],"_links":{"self":[{"href":"http:\/\/clinica-urologica.eu\/de\/wp-json\/wp\/v2\/pages\/748","targetHints":{"allow":["GET"]}}],"collection":[{"href":"http:\/\/clinica-urologica.eu\/de\/wp-json\/wp\/v2\/pages"}],"about":[{"href":"http:\/\/clinica-urologica.eu\/de\/wp-json\/wp\/v2\/types\/page"}],"author":[{"embeddable":true,"href":"http:\/\/clinica-urologica.eu\/de\/wp-json\/wp\/v2\/users\/1"}],"replies":[{"embeddable":true,"href":"http:\/\/clinica-urologica.eu\/de\/wp-json\/wp\/v2\/comments?post=748"}],"version-history":[{"count":1,"href":"http:\/\/clinica-urologica.eu\/de\/wp-json\/wp\/v2\/pages\/748\/revisions"}],"predecessor-version":[{"id":749,"href":"http:\/\/clinica-urologica.eu\/de\/wp-json\/wp\/v2\/pages\/748\/revisions\/749"}],"wp:attachment":[{"href":"http:\/\/clinica-urologica.eu\/de\/wp-json\/wp\/v2\/media?parent=748"}],"curies":[{"name":"wp","href":"https:\/\/api.w.org\/{rel}","templated":true}]}}